{"id":799,"date":"2018-07-09T12:13:56","date_gmt":"2018-07-09T12:13:56","guid":{"rendered":"http:\/\/wega.modeltheme.com\/?page_id=799"},"modified":"2023-11-09T15:50:38","modified_gmt":"2023-11-09T14:50:38","slug":"leistungen","status":"publish","type":"page","link":"https:\/\/herbst-bau-gmbh.de\/start\/leistungen\/","title":{"rendered":"Leistungen"},"content":{"rendered":"<p>[vc_row css=&#8221;.vc_custom_1621499707772{margin-top: 55px !important;margin-bottom: 85px !important;}&#8221;][vc_column][vc_row_inner css=&#8221;.vc_custom_1531382419229{margin-top: 50px !important;margin-bottom: 0px !important;}&#8221;][vc_column_inner el_class=&#8221;services-tilte&#8221; width=&#8221;1\/4&#8243;]<div class=\"title-subtile-holder wow fadeInUp text_left\"><div class=\"subtitle-wrapper\"><span class=\"section-border left orange_border\"><\/span><span class=\"section-subtitle orange_subtitle\">Was wir f\u00fcr Sie umsetzen k\u00f6nnen<\/span><span class=\"section-border right orange_border\"><\/span><\/div><h2 class=\"section-title dark_title\">Leistungen<\/h2><\/div>[vc_column_text]Wir bieten Ihnen die gesamte Betreuung, von den ersten Planungsgespr\u00e4chen bis hin zur Fertigstellung Ihres Auftrags. Unser Leistungsumfang umfasst s\u00e4mtliche Gewerke die f\u00fcr Neubauten, Ausbauarbeiten, Erweiterungen, Sanierungen oder Abbrucharbeiten notwendig sind.[\/vc_column_text][\/vc_column_inner][vc_column_inner width=&#8221;1\/4&#8243;]<div class=\"mt-icon-listgroup-item wow fadeInUp\"><a href=\"https:\/\/herbst-bau-gmbh.de\/start\/schluesselfertiges-bauen\/\"><div class=\"mt-icon-listgroup-holder\">\n                  <div class=\"mt-icon-listgroup-icon-holder-inner\"><img alt=\"list-image\" style=\"margin-right:20px; max-width:70px;\" class=\"mt-image-list\" src=\"https:\/\/herbst-bau-gmbh.de\/start\/wp-content\/uploads\/2022\/02\/Hausicon.jpg\"><\/div>\n                <div class=\"mt-icon-listgroup-content-holder-inner\">\n                  <h3 class=\"mt-icon-listgroup-title\" style=\"font-size: 22px; color: #000000\">Schl\u00fcsselfertiges Bauen<\/h3>\n                  <p class=\"mt-icon-listgroup-text\" style=\"font-size: 18px; color: #666666\">Wir erstellen ihr Eigenheim - so individuell wie Sie<\/p>                  \n                <\/div>\n                <div class=\"mt-icon-listgroup-content-holder-button\">\n                  <p> <a class=\"more-link\" href=\"https:\/\/herbst-bau-gmbh.de\/start\/schluesselfertiges-bauen\/\">Mehr Infos<\/a><\/p>\n                <\/div>\n              <\/div><\/a><\/div>[\/vc_column_inner][vc_column_inner width=&#8221;1\/4&#8243;]<div class=\"mt-icon-listgroup-item wow fadeInUp\"><a href=\"https:\/\/herbst-bau-gmbh.de\/start\/hallen-und-gewerbebau\/\"><div class=\"mt-icon-listgroup-holder\">\n                  <div class=\"mt-icon-listgroup-icon-holder-inner\"><img alt=\"list-image\" style=\"margin-right:20px; max-width:120px;\" class=\"mt-image-list\" src=\"https:\/\/herbst-bau-gmbh.de\/start\/wp-content\/uploads\/2022\/02\/Hallenicon.jpg\"><\/div>\n                <div class=\"mt-icon-listgroup-content-holder-inner\">\n                  <h3 class=\"mt-icon-listgroup-title\" style=\"font-size: 22px; color: #00235a\">Hallen und Gewerbebau<\/h3>\n                  <p class=\"mt-icon-listgroup-text\" style=\"font-size: 18px; color: #666666\">Gemeinsam mit unseren Partnern aus dem Metallbau stellen wir Stahlhallen unterschiedlichster Art auf.<\/p>                  \n                <\/div>\n                <div class=\"mt-icon-listgroup-content-holder-button\">\n                  <p> <a class=\"more-link\" href=\"https:\/\/herbst-bau-gmbh.de\/start\/hallen-und-gewerbebau\/\">Mehr Infos<\/a><\/p>\n                <\/div>\n              <\/div><\/a><\/div>[\/vc_column_inner][vc_column_inner width=&#8221;1\/4&#8243;]<div class=\"mt-icon-listgroup-item wow fadeInUp\"><a href=\"https:\/\/herbst-bau-gmbh.de\/start\/landwirtschaftliche-gebaeude\/\"><div class=\"mt-icon-listgroup-holder\">\n                  <div class=\"mt-icon-listgroup-icon-holder-inner\"><img alt=\"list-image\" style=\"margin-right:20px; max-width:60px;\" class=\"mt-image-list\" src=\"https:\/\/herbst-bau-gmbh.de\/start\/wp-content\/uploads\/2022\/02\/Landwirtschaft.jpg\"><\/div>\n                <div class=\"mt-icon-listgroup-content-holder-inner\">\n                  <h3 class=\"mt-icon-listgroup-title\" style=\"font-size: 22px; color: #00235a\">Landwirtschaftliche Geb\u00e4ude<\/h3>\n                  <p class=\"mt-icon-listgroup-text\" style=\"font-size: 18px; color: #666666\">Alles begann mit dem Bau eines Silos. Heute planen und errichten wir Melkzentren u.v.m<\/p>                  \n                <\/div>\n                <div class=\"mt-icon-listgroup-content-holder-button\">\n                  <p> <a class=\"more-link\" href=\"https:\/\/herbst-bau-gmbh.de\/start\/landwirtschaftliche-gebaeude\/\">Mehr Infos<\/a><\/p>\n                <\/div>\n              <\/div><\/a><\/div>[\/vc_column_inner][\/vc_row_inner][vc_row_inner css=&#8221;.vc_custom_1618386856891{margin-top: 35px !important;margin-bottom: 0px !important;}&#8221; el_class=&#8221;bottom-serv&#8221;][vc_column_inner width=&#8221;1\/4&#8243;]<div class=\"mt-icon-listgroup-item wow fadeInUp\"><a href=\"https:\/\/herbst-bau-gmbh.de\/start\/betonbau\/\"><div class=\"mt-icon-listgroup-holder\">\n                  <div class=\"mt-icon-listgroup-icon-holder-inner\"><img alt=\"list-image\" style=\"margin-right:20px; max-width:100px;\" class=\"mt-image-list\" src=\"https:\/\/herbst-bau-gmbh.de\/start\/wp-content\/uploads\/2022\/02\/Betonicon.jpg\"><\/div>\n                <div class=\"mt-icon-listgroup-content-holder-inner\">\n                  <h3 class=\"mt-icon-listgroup-title\" style=\"font-size: 22px; color: #00235a\">Betonbau<\/h3>\n                  <p class=\"mt-icon-listgroup-text\" style=\"font-size: 18px; color: #666666\">Ob Betonkeller, G\u00fcllekan\u00e4le oder auch Betondecken, unsere Betonbauer machen alles m\u00f6glich.<\/p>                  \n                <\/div>\n                <div class=\"mt-icon-listgroup-content-holder-button\">\n                  <p> <a class=\"more-link\" href=\"https:\/\/herbst-bau-gmbh.de\/start\/betonbau\/\">Mehr Infos<\/a><\/p>\n                <\/div>\n              <\/div><\/a><\/div>[\/vc_column_inner][vc_column_inner width=&#8221;1\/4&#8243;]<div class=\"mt-icon-listgroup-item wow fadeInUp\"><a href=\"https:\/\/herbst-bau-gmbh.de\/start\/rund-ums-dach\/\"><div class=\"mt-icon-listgroup-holder\">\n                  <div class=\"mt-icon-listgroup-icon-holder-inner\"><img alt=\"list-image\" style=\"margin-right:20px; max-width:100px;\" class=\"mt-image-list\" src=\"https:\/\/herbst-bau-gmbh.de\/start\/wp-content\/uploads\/2022\/02\/Dachicon.jpg\"><\/div>\n                <div class=\"mt-icon-listgroup-content-holder-inner\">\n                  <h3 class=\"mt-icon-listgroup-title\" style=\"font-size: 22px; color: #00235a\">Rund ums Dach<\/h3>\n                  <p class=\"mt-icon-listgroup-text\" style=\"font-size: 18px; color: #666666\">Dachsanierungen nach den energetischen Anforderungen der Energie Einsparverordnung (EnEV).<\/p>                  \n                <\/div>\n                <div class=\"mt-icon-listgroup-content-holder-button\">\n                  <p> <a class=\"more-link\" href=\"https:\/\/herbst-bau-gmbh.de\/start\/rund-ums-dach\/\">Mehr Infos<\/a><\/p>\n                <\/div>\n              <\/div><\/a><\/div>[\/vc_column_inner][vc_column_inner width=&#8221;1\/4&#8243;]<div class=\"mt-icon-listgroup-item wow fadeInUp\"><a href=\"https:\/\/herbst-bau-gmbh.de\/start\/zimmerei\/\"><div class=\"mt-icon-listgroup-holder\">\n                  <div class=\"mt-icon-listgroup-icon-holder-inner\"><img alt=\"list-image\" style=\"margin-right:20px; max-width:130px;\" class=\"mt-image-list\" src=\"https:\/\/herbst-bau-gmbh.de\/start\/wp-content\/uploads\/2022\/02\/Zimmerericon.jpg\"><\/div>\n                <div class=\"mt-icon-listgroup-content-holder-inner\">\n                  <h3 class=\"mt-icon-listgroup-title\" style=\"font-size: 22px; color: #00235a\">Zimmerei<\/h3>\n                  <p class=\"mt-icon-listgroup-text\" style=\"font-size: 18px; color: #666666\">Unsere erfahrenen Zimmerm\u00e4nner erledigen alle Arbeiten rund ums Holz.<\/p>                  \n                <\/div>\n                <div class=\"mt-icon-listgroup-content-holder-button\">\n                  <p> <a class=\"more-link\" href=\"https:\/\/herbst-bau-gmbh.de\/start\/zimmerei\/\">Mehr Infos<\/a><\/p>\n                <\/div>\n              <\/div><\/a><\/div>[\/vc_column_inner][vc_column_inner width=&#8221;1\/4&#8243;]<div class=\"mt-icon-listgroup-item wow fadeInUp\"><a href=\"https:\/\/herbst-bau-gmbh.de\/start\/maurerei\/\"><div class=\"mt-icon-listgroup-holder\">\n                  <div class=\"mt-icon-listgroup-icon-holder-inner\"><img alt=\"list-image\" style=\"margin-right:20px; max-width:120px;\" class=\"mt-image-list\" src=\"https:\/\/herbst-bau-gmbh.de\/start\/wp-content\/uploads\/2022\/02\/Maurericon.jpg\"><\/div>\n                <div class=\"mt-icon-listgroup-content-holder-inner\">\n                  <h3 class=\"mt-icon-listgroup-title\" style=\"font-size: 22px; color: #00235a\">Maurerei<\/h3>\n                  <p class=\"mt-icon-listgroup-text\" style=\"font-size: 18px; color: #666666\">Wir sind ihr Ansprechpartner f\u00fcr alle Fliesen, Putz und Maurerarbeiten in und um Ihr Haus.<\/p>                  \n                <\/div>\n                <div class=\"mt-icon-listgroup-content-holder-button\">\n                  <p> <a class=\"more-link\" href=\"https:\/\/herbst-bau-gmbh.de\/start\/maurerei\/\">Mehr Infos<\/a><\/p>\n                <\/div>\n              <\/div><\/a><\/div>[\/vc_column_inner][\/vc_row_inner][\/vc_column][\/vc_row][vc_row full_width=&#8221;stretch_row&#8221; css=&#8221;.vc_custom_1645092854607{margin-bottom: 0px !important;padding-top: 50px !important;padding-bottom: 90px !important;background-image: url(https:\/\/herbst-bau-gmbh.de\/start\/wp-content\/uploads\/2022\/02\/Hintergrund.jpg?id=3649) !important;}&#8221;][vc_column width=&#8221;1\/3&#8243; css=&#8221;.vc_custom_1645444280913{border-bottom-width: 50px !important;padding-top: 50px !important;background-color: #ffffff !important;}&#8221;][vc_empty_space height=&#8221;40px&#8221;]<div class=\"title-subtile-holder wow fadeInUp text_left\"><div class=\"subtitle-wrapper\"><span class=\"section-border left orange_border\"><\/span><span class=\"section-subtitle orange_subtitle\">Was k\u00f6nnen wir f\u00fcr Sie tun?<\/span><span class=\"section-border right orange_border\"><\/span><\/div><h2 class=\"section-title light_title\">Bauen mit Herbstbau<\/h2><\/div>[vc_column_text]Unsere St\u00e4rke besteht darin, alle Einzelleistungen am Bau unter einem Dach zu koordinieren. Wir bieten unseren Bauherren und Bauherrinnen eine kompetente Betreuung aus einer Hand &#8211; von der Planung Ihres Bauvorhabens bis zur schl\u00fcsselfertigen \u00dcbergabe. Dabei \u00fcbernehmen wir die Bauaufsicht, f\u00fchren energetische und statische Berechnungen durch, erstellen Zeichnungen und k\u00fcmmern uns um Antr\u00e4ge und die Koordination aller Gewerke, um eine reibungslose, fachgerechte und z\u00fcgige Umsetzung zu gew\u00e4hrleisten.[\/vc_column_text][vc_empty_space height=&#8221;80px&#8221;][\/vc_column][vc_column width=&#8221;2\/3&#8243;][vc_single_image image=&#8221;3784&#8243; img_size=&#8221;1500&#215;950&#8243; css=&#8221;.vc_custom_1645444595104{margin-top: -36px !important;background-position: center !important;background-repeat: no-repeat !important;background-size: cover !important;}&#8221;][\/vc_column][\/vc_row][vc_row css=&#8221;.vc_custom_1621499719640{margin-top: 100px !important;margin-bottom: 105px !important;}&#8221;][vc_column css=&#8221;.vc_custom_1617803453114{padding-top: 0px !important;}&#8221;][vc_empty_space height=&#8221;25px&#8221;][\/vc_column][\/vc_row]<\/p>\n","protected":false},"excerpt":{"rendered":"<p>[vc_row css=&#8221;.vc_custom_1621499707772{margin-top: 55px !important;margin-bottom: 85px !important;}&#8221;][vc_column][vc_row_inner css=&#8221;.vc_custom_1531382419229{margin-top: 50px !important;margin-bottom: 0px !important;}&#8221;][vc_column_inner el_class=&#8221;services-tilte&#8221; width=&#8221;1\/4&#8243;][vc_column_text]Wir bieten Ihnen die gesamte Betreuung, von den ersten Planungsgespr\u00e4chen bis hin zur Fertigstellung Ihres Auftrags. Unser Leistungsumfang umfasst s\u00e4mtliche Gewerke die f\u00fcr Neubauten, Ausbauarbeiten, Erweiterungen, Sanierungen oder Abbrucharbeiten notwendig sind.[\/vc_column_text][\/vc_column_inner][vc_column_inner width=&#8221;1\/4&#8243;][\/vc_column_inner][vc_column_inner width=&#8221;1\/4&#8243;][\/vc_column_inner][vc_column_inner width=&#8221;1\/4&#8243;][\/vc_column_inner][\/vc_row_inner][vc_row_inner css=&#8221;.vc_custom_1618386856891{margin-top: 35px !important;margin-bottom: 0px !important;}&#8221; el_class=&#8221;bottom-serv&#8221;][vc_column_inner width=&#8221;1\/4&#8243;][\/vc_column_inner][vc_column_inner width=&#8221;1\/4&#8243;][\/vc_column_inner][vc_column_inner width=&#8221;1\/4&#8243;][\/vc_column_inner][vc_column_inner [&hellip;]<\/p>\n","protected":false},"author":1,"featured_media":2942,"parent":0,"menu_order":0,"comment_status":"closed","ping_status":"closed","template":"","meta":[],"_links":{"self":[{"href":"https:\/\/herbst-bau-gmbh.de\/start\/wp-json\/wp\/v2\/pages\/799"}],"collection":[{"href":"https:\/\/herbst-bau-gmbh.de\/start\/wp-json\/wp\/v2\/pages"}],"about":[{"href":"https:\/\/herbst-bau-gmbh.de\/start\/wp-json\/wp\/v2\/types\/page"}],"author":[{"embeddable":true,"href":"https:\/\/herbst-bau-gmbh.de\/start\/wp-json\/wp\/v2\/users\/1"}],"replies":[{"embeddable":true,"href":"https:\/\/herbst-bau-gmbh.de\/start\/wp-json\/wp\/v2\/comments?post=799"}],"version-history":[{"count":90,"href":"https:\/\/herbst-bau-gmbh.de\/start\/wp-json\/wp\/v2\/pages\/799\/revisions"}],"predecessor-version":[{"id":4203,"href":"https:\/\/herbst-bau-gmbh.de\/start\/wp-json\/wp\/v2\/pages\/799\/revisions\/4203"}],"wp:featuredmedia":[{"embeddable":true,"href":"https:\/\/herbst-bau-gmbh.de\/start\/wp-json\/wp\/v2\/media\/2942"}],"wp:attachment":[{"href":"https:\/\/herbst-bau-gmbh.de\/start\/wp-json\/wp\/v2\/media?parent=799"}],"curies":[{"name":"wp","href":"https:\/\/api.w.org\/{rel}","templated":true}]}}