{"id":699,"date":"2018-06-28T09:10:57","date_gmt":"2018-06-28T09:10:57","guid":{"rendered":"http:\/\/wega.modeltheme.com\/?page_id=699"},"modified":"2023-11-24T11:11:43","modified_gmt":"2023-11-24T10:11:43","slug":"schluesselfertiges-bauen","status":"publish","type":"page","link":"https:\/\/herbst-bau-gmbh.de\/start\/schluesselfertiges-bauen\/","title":{"rendered":"Schl\u00fcsselfertiges Bauen"},"content":{"rendered":"<p>[vc_row css=&#8221;.vc_custom_1619514619010{margin-top: 90px !important;margin-bottom: 71px !important;}&#8221;][vc_column width=&#8221;1\/3&#8243; css=&#8221;.vc_custom_1618387090205{padding-right: 45px !important;}&#8221; el_class=&#8221;left-project&#8221;]<div class=\"title-subtile-holder wow bounce text_left\"><div class=\"subtitle-wrapper\"><span class=\"section-border left orange_border\"><\/span><span class=\"section-subtitle orange_subtitle\">H\u00e4user nach Ma\u00df<\/span><span class=\"section-border right orange_border\"><\/span><\/div><h2 class=\"section-title dark_title\">Schl\u00fcsselfertiges Bauen<\/h2><\/div>[vc_column_text]<img loading=\"lazy\" class=\"aligncenter wp-image-3836 size-full\" src=\"https:\/\/herbst-bau-gmbh.de\/start\/wp-content\/uploads\/2022\/02\/Haussymbolbild.jpg\" alt=\"\" width=\"1006\" height=\"943\" srcset=\"https:\/\/herbst-bau-gmbh.de\/start\/wp-content\/uploads\/2022\/02\/Haussymbolbild.jpg 1006w, https:\/\/herbst-bau-gmbh.de\/start\/wp-content\/uploads\/2022\/02\/Haussymbolbild-300x281.jpg 300w, https:\/\/herbst-bau-gmbh.de\/start\/wp-content\/uploads\/2022\/02\/Haussymbolbild-768x720.jpg 768w\" sizes=\"(max-width: 1006px) 100vw, 1006px\" \/>[\/vc_column_text][vc_column_text css_animation=&#8221;fadeInUp&#8221; css=&#8221;.vc_custom_1618311731835{margin-top: 30px !important;padding-top: 50px !important;padding-right: 50px !important;padding-bottom: 50px !important;padding-left: 50px !important;background-color: #789c9d !important;}&#8221; el_class=&#8221;get-a-consultation-sidebar&#8221;]<div role=\"form\" class=\"wpcf7\" id=\"wpcf7-f503-o1\" lang=\"en-US\" dir=\"ltr\">\n<div class=\"screen-reader-response\"><p role=\"status\" aria-live=\"polite\" aria-atomic=\"true\"><\/p> <ul><\/ul><\/div>\n<form action=\"\/start\/wp-json\/wp\/v2\/pages\/699#wpcf7-f503-o1\" method=\"post\" class=\"wpcf7-form init\" novalidate=\"novalidate\" data-status=\"init\">\n<div style=\"display: none;\">\n<input type=\"hidden\" name=\"_wpcf7\" value=\"503\" \/>\n<input type=\"hidden\" name=\"_wpcf7_version\" value=\"5.3\" \/>\n<input type=\"hidden\" name=\"_wpcf7_locale\" value=\"en_US\" \/>\n<input type=\"hidden\" name=\"_wpcf7_unit_tag\" value=\"wpcf7-f503-o1\" \/>\n<input type=\"hidden\" name=\"_wpcf7_container_post\" value=\"0\" \/>\n<input type=\"hidden\" name=\"_wpcf7_posted_data_hash\" value=\"\" \/>\n<\/div>\n<div class=\"wega-contact wega-contact-sidebar row\">\n<div class=\"col-md-12\">\n<h3>Kontakt<\/h3>\n<p>Wir beraten Sie gerne!<\/p>\n<\/div>\n<div class=\"col-md-12\">\n<label><span class=\"wpcf7-form-control-wrap first-name\"><input type=\"text\" name=\"first-name\" value=\"\" size=\"40\" class=\"wpcf7-form-control wpcf7-text wpcf7-validates-as-required\" aria-required=\"true\" aria-invalid=\"false\" placeholder=\"Name\" \/><\/span><\/label>\n<\/div>\n<div class=\"col-md-12\">\n<label><span class=\"wpcf7-form-control-wrap email\"><input type=\"email\" name=\"email\" value=\"\" size=\"40\" class=\"wpcf7-form-control wpcf7-text wpcf7-email wpcf7-validates-as-required wpcf7-validates-as-email\" aria-required=\"true\" aria-invalid=\"false\" placeholder=\"Email\" \/><\/span><\/label>\n<\/div>\n<div class=\"col-md-12\">\n<label><span class=\"wpcf7-form-control-wrap phone\"><input type=\"tel\" name=\"phone\" value=\"\" size=\"40\" class=\"wpcf7-form-control wpcf7-text wpcf7-tel wpcf7-validates-as-required wpcf7-validates-as-tel\" aria-required=\"true\" aria-invalid=\"false\" placeholder=\"Tel.\" \/><\/span><\/label>\n<\/div>\n<div class=\"col-md-12\">\n<button type=\"submit\" class=\"wpcf7-form-control wpcf7-submit\">Senden<\/button>\n<\/div>\n<\/div>\n<div class=\"wpcf7-response-output\" aria-hidden=\"true\"><\/div><\/form><\/div>[\/vc_column_text][\/vc_column][vc_column width=&#8221;2\/3&#8243;][vc_column_text css_animation=&#8221;fadeInUp&#8221; css=&#8221;.vc_custom_1700820697605{margin-bottom: 30px !important;}&#8221;]<\/p>\n<div class=\"flex flex-grow flex-col gap-3 max-w-full\">\n<div class=\"min-h-[20px] flex flex-col items-start gap-3 whitespace-pre-wrap break-words overflow-x-auto\">\n<div class=\"markdown prose w-full break-words dark:prose-invert light\">\n<p>Schl\u00fcsselfertige Einfamilienh\u00e4user: Ihr Traumhaus ohne den Stress des Bauens<\/p>\n<div class=\"flex flex-grow flex-col max-w-full gap-3 gizmo:gap-0\">\n<div class=\"min-h-[20px] text-message flex flex-col items-start gap-3 whitespace-pre-wrap break-words [.text-message+&amp;]:mt-5 overflow-x-auto\" data-message-author-role=\"assistant\" data-message-id=\"2cd58d7c-7d49-4b05-9b03-1a86c05aca58\">\n<div class=\"markdown prose w-full break-words dark:prose-invert light\">\n<p>Der Bau von schl\u00fcsselfertigen Ein- und Mehrfamilienh\u00e4usern bietet eine bequeme und effiziente L\u00f6sung f\u00fcr Bauherren, die Wert auf eine stressfreie Umsetzung ihres Wohntraums legen. Bei schl\u00fcsselfertigen Bauprojekten \u00fcbernimmt der Bautr\u00e4ger die Verantwortung f\u00fcr den gesamten Bauprozess, von der Planung bis zur Schl\u00fcssel\u00fcbergabe. Dieser Ansatz erm\u00f6glicht es den Bauherren, sich auf die Auswahl von Ausstattung und Design zu konzentrieren, w\u00e4hrend der Bautr\u00e4ger die Umsetzung und Koordination \u00fcbernimmt.<\/p>\n<\/div>\n<\/div>\n<\/div>\n<\/div>\n<\/div>\n<\/div>\n<p>[\/vc_column_text][vc_single_image image=&#8221;4063&#8243; img_size=&#8221;full&#8221; alignment=&#8221;center&#8221; css_animation=&#8221;fadeInUp&#8221;][vc_column_text css_animation=&#8221;fadeInUp&#8221; css=&#8221;.vc_custom_1696858029645{padding-top: 0px !important;padding-bottom: 30px !important;}&#8221;]<\/p>\n<blockquote><p>Von Grund auf Zuhause: schl\u00fcsselfertiger Einfamilienhausbau, wo Ihre Tr\u00e4ume Wirklichkeit werden.<\/p><\/blockquote>\n<p>[\/vc_column_text][vc_column_text css_animation=&#8221;fadeInUp&#8221;]Die Rudolf Herbst Baugesellschaft mbH fungiert als zuverl\u00e4ssiger Partner in s\u00e4mtlichen Angelegenheiten des schl\u00fcsselfertigen Bauens. Mit uns haben Sie die perfekte Wahl getroffen. Sie haben bereits konkrete Vorstellungen davon, wie Ihr zuk\u00fcnftiges Eigenheim aussehen soll? Dann sind Sie bei uns genau richtig![\/vc_column_text][vc_single_image image=&#8221;4050&#8243; img_size=&#8221;full&#8221; alignment=&#8221;center&#8221; css_animation=&#8221;fadeInUp&#8221;][vc_column_text css_animation=&#8221;fadeInUp&#8221; css=&#8221;.vc_custom_1696858256109{padding-top: 0px !important;padding-bottom: 30px !important;}&#8221;]<\/p>\n<blockquote><p>In famili\u00e4rer Atmosph\u00e4re erstellen wir gemeinsam mit Ihnen einen individuell auf Ihre Bed\u00fcrfnisse zugeschnittenen Entwurf f\u00fcr Ihr Eigenheim. Dabei nehmen wir uns die Zeit, um \u00c4nderungen und Anpassungen ganz nach Ihren W\u00fcnschen umzusetzen \u2013 und das ohne zus\u00e4tzliche Kosten.<\/p><\/blockquote>\n<p>[\/vc_column_text][vc_empty_space height=&#8221;50px&#8221;][vc_empty_space height=&#8221;30px&#8221;][\/vc_column][\/vc_row][vc_row][vc_column][\/vc_column][\/vc_row]<\/p>\n","protected":false},"excerpt":{"rendered":"<p>[vc_row css=&#8221;.vc_custom_1619514619010{margin-top: 90px !important;margin-bottom: 71px !important;}&#8221;][vc_column width=&#8221;1\/3&#8243; css=&#8221;.vc_custom_1618387090205{padding-right: 45px !important;}&#8221; el_class=&#8221;left-project&#8221;][vc_column_text][\/vc_column_text][vc_column_text css_animation=&#8221;fadeInUp&#8221; css=&#8221;.vc_custom_1618311731835{margin-top: 30px !important;padding-top: 50px !important;padding-right: 50px !important;padding-bottom: 50px !important;padding-left: 50px !important;background-color: #789c9d !important;}&#8221; el_class=&#8221;get-a-consultation-sidebar&#8221;][\/vc_column_text][\/vc_column][vc_column width=&#8221;2\/3&#8243;][vc_column_text css_animation=&#8221;fadeInUp&#8221; css=&#8221;.vc_custom_1700820697605{margin-bottom: 30px !important;}&#8221;] Schl\u00fcsselfertige Einfamilienh\u00e4user: Ihr Traumhaus ohne den Stress des Bauens Der Bau von schl\u00fcsselfertigen Ein- und Mehrfamilienh\u00e4usern bietet eine bequeme und effiziente L\u00f6sung f\u00fcr Bauherren, [&hellip;]<\/p>\n","protected":false},"author":1,"featured_media":2942,"parent":0,"menu_order":0,"comment_status":"closed","ping_status":"closed","template":"","meta":[],"_links":{"self":[{"href":"https:\/\/herbst-bau-gmbh.de\/start\/wp-json\/wp\/v2\/pages\/699"}],"collection":[{"href":"https:\/\/herbst-bau-gmbh.de\/start\/wp-json\/wp\/v2\/pages"}],"about":[{"href":"https:\/\/herbst-bau-gmbh.de\/start\/wp-json\/wp\/v2\/types\/page"}],"author":[{"embeddable":true,"href":"https:\/\/herbst-bau-gmbh.de\/start\/wp-json\/wp\/v2\/users\/1"}],"replies":[{"embeddable":true,"href":"https:\/\/herbst-bau-gmbh.de\/start\/wp-json\/wp\/v2\/comments?post=699"}],"version-history":[{"count":39,"href":"https:\/\/herbst-bau-gmbh.de\/start\/wp-json\/wp\/v2\/pages\/699\/revisions"}],"predecessor-version":[{"id":4240,"href":"https:\/\/herbst-bau-gmbh.de\/start\/wp-json\/wp\/v2\/pages\/699\/revisions\/4240"}],"wp:featuredmedia":[{"embeddable":true,"href":"https:\/\/herbst-bau-gmbh.de\/start\/wp-json\/wp\/v2\/media\/2942"}],"wp:attachment":[{"href":"https:\/\/herbst-bau-gmbh.de\/start\/wp-json\/wp\/v2\/media?parent=699"}],"curies":[{"name":"wp","href":"https:\/\/api.w.org\/{rel}","templated":true}]}}