{"id":3832,"date":"2022-02-21T10:55:08","date_gmt":"2022-02-21T09:55:08","guid":{"rendered":"https:\/\/herbst-bau-gmbh.de\/start\/?page_id=3832"},"modified":"2023-10-11T13:49:12","modified_gmt":"2023-10-11T11:49:12","slug":"maurerei","status":"publish","type":"page","link":"https:\/\/herbst-bau-gmbh.de\/start\/maurerei\/","title":{"rendered":"Maurerei"},"content":{"rendered":"<p>[vc_row css=&#8221;.vc_custom_1619514619010{margin-top: 90px !important;margin-bottom: 71px !important;}&#8221;][vc_column width=&#8221;1\/3&#8243; css=&#8221;.vc_custom_1618387090205{padding-right: 45px !important;}&#8221; el_class=&#8221;left-project&#8221;]<div class=\"title-subtile-holder wow bounce text_left\"><div class=\"subtitle-wrapper\"><span class=\"section-border left orange_border\"><\/span><span class=\"section-subtitle orange_subtitle\">Ein guter Maurer verwirft keinen Stein<\/span><span class=\"section-border right orange_border\"><\/span><\/div><h2 class=\"section-title dark_title\">Maurerei<\/h2><\/div>[vc_column_text]<img loading=\"lazy\" class=\"aligncenter wp-image-3930 size-full\" src=\"https:\/\/herbst-bau-gmbh.de\/start\/wp-content\/uploads\/2022\/02\/Mauerarbeit.jpg\" alt=\"\" width=\"851\" height=\"564\" srcset=\"https:\/\/herbst-bau-gmbh.de\/start\/wp-content\/uploads\/2022\/02\/Mauerarbeit.jpg 851w, https:\/\/herbst-bau-gmbh.de\/start\/wp-content\/uploads\/2022\/02\/Mauerarbeit-300x199.jpg 300w, https:\/\/herbst-bau-gmbh.de\/start\/wp-content\/uploads\/2022\/02\/Mauerarbeit-768x509.jpg 768w, https:\/\/herbst-bau-gmbh.de\/start\/wp-content\/uploads\/2022\/02\/Mauerarbeit-625x415.jpg 625w\" sizes=\"(max-width: 851px) 100vw, 851px\" \/>[\/vc_column_text][vc_column_text css_animation=&#8221;fadeInUp&#8221; css=&#8221;.vc_custom_1618311731835{margin-top: 30px !important;padding-top: 50px !important;padding-right: 50px !important;padding-bottom: 50px !important;padding-left: 50px !important;background-color: #789c9d !important;}&#8221; el_class=&#8221;get-a-consultation-sidebar&#8221;]<div role=\"form\" class=\"wpcf7\" id=\"wpcf7-f503-o1\" lang=\"en-US\" dir=\"ltr\">\n<div class=\"screen-reader-response\"><p role=\"status\" aria-live=\"polite\" aria-atomic=\"true\"><\/p> <ul><\/ul><\/div>\n<form action=\"\/start\/wp-json\/wp\/v2\/pages\/3832#wpcf7-f503-o1\" method=\"post\" class=\"wpcf7-form init\" novalidate=\"novalidate\" data-status=\"init\">\n<div style=\"display: none;\">\n<input type=\"hidden\" name=\"_wpcf7\" value=\"503\" \/>\n<input type=\"hidden\" name=\"_wpcf7_version\" value=\"5.3\" \/>\n<input type=\"hidden\" name=\"_wpcf7_locale\" value=\"en_US\" \/>\n<input type=\"hidden\" name=\"_wpcf7_unit_tag\" value=\"wpcf7-f503-o1\" \/>\n<input type=\"hidden\" name=\"_wpcf7_container_post\" value=\"0\" \/>\n<input type=\"hidden\" name=\"_wpcf7_posted_data_hash\" value=\"\" \/>\n<\/div>\n<div class=\"wega-contact wega-contact-sidebar row\">\n<div class=\"col-md-12\">\n<h3>Kontakt<\/h3>\n<p>Wir beraten Sie gerne!<\/p>\n<\/div>\n<div class=\"col-md-12\">\n<label><span class=\"wpcf7-form-control-wrap first-name\"><input type=\"text\" name=\"first-name\" value=\"\" size=\"40\" class=\"wpcf7-form-control wpcf7-text wpcf7-validates-as-required\" aria-required=\"true\" aria-invalid=\"false\" placeholder=\"Name\" \/><\/span><\/label>\n<\/div>\n<div class=\"col-md-12\">\n<label><span class=\"wpcf7-form-control-wrap email\"><input type=\"email\" name=\"email\" value=\"\" size=\"40\" class=\"wpcf7-form-control wpcf7-text wpcf7-email wpcf7-validates-as-required wpcf7-validates-as-email\" aria-required=\"true\" aria-invalid=\"false\" placeholder=\"Email\" \/><\/span><\/label>\n<\/div>\n<div class=\"col-md-12\">\n<label><span class=\"wpcf7-form-control-wrap phone\"><input type=\"tel\" name=\"phone\" value=\"\" size=\"40\" class=\"wpcf7-form-control wpcf7-text wpcf7-tel wpcf7-validates-as-required wpcf7-validates-as-tel\" aria-required=\"true\" aria-invalid=\"false\" placeholder=\"Tel.\" \/><\/span><\/label>\n<\/div>\n<div class=\"col-md-12\">\n<button type=\"submit\" class=\"wpcf7-form-control wpcf7-submit\">Senden<\/button>\n<\/div>\n<\/div>\n<div class=\"wpcf7-response-output\" aria-hidden=\"true\"><\/div><\/form><\/div>[\/vc_column_text][\/vc_column][vc_column width=&#8221;2\/3&#8243;][vc_column_text css_animation=&#8221;fadeInUp&#8221; css=&#8221;.vc_custom_1697024778385{margin-bottom: 30px !important;}&#8221;]Mit Steinen und Know-how &#8211; f\u00fcr solide Ergebnisse<\/p>\n<p>Maurerarbeiten sind eine grundlegende Komponente im Bauwesen und spielen eine entscheidende Rolle bei der Konstruktion von Geb\u00e4uden und anderen baulichen Strukturen. Maurerarbeiten umfassen das Verlegen von Mauersteinen, Betonbl\u00f6cken oder anderen Baumaterialien, um solide und stabile Strukturen zu schaffen.[\/vc_column_text][vc_single_image image=&#8221;3926&#8243; img_size=&#8221;full&#8221; alignment=&#8221;center&#8221; onclick=&#8221;zoom&#8221; css_animation=&#8221;fadeInUp&#8221;][vc_column_text css_animation=&#8221;fadeInUp&#8221; css=&#8221;.vc_custom_1696856987250{padding-top: 0px !important;padding-bottom: 30px !important;}&#8221;]<\/p>\n<blockquote><p>Sicher bauen, fest vertrauen: Unsere Maurerarbeiten halten f\u00fcr die Ewigkeit!<\/p><\/blockquote>\n<p>[\/vc_column_text][vc_column_text css_animation=&#8221;fadeInUp&#8221; css=&#8221;.vc_custom_1697024951849{margin-bottom: 30px !important;}&#8221;]Bauen Sie auf Qualit\u00e4t, Pr\u00e4zision und Erfahrung &#8211; vertrauen Sie der Rudolf Herbst Baugesellschaft mbH f\u00fcr Maurerarbeiten und Sanierungsprojekte im Maurerhandwerk.<\/p>\n<p>Unsere umfangreiche Expertise und unser engagiertes Team stehen Ihnen zur Seite, um Ihre Bauvorhaben von Anfang bis Ende zu realisieren. Wir verstehen die Bedeutung solider Grundlagen und bauen auf Qualit\u00e4t, die Jahrzehnte \u00fcberdauert.[\/vc_column_text][vc_empty_space height=&#8221;50px&#8221;][vc_empty_space height=&#8221;30px&#8221;][\/vc_column][\/vc_row]<\/p>\n","protected":false},"excerpt":{"rendered":"<p>[vc_row css=&#8221;.vc_custom_1619514619010{margin-top: 90px !important;margin-bottom: 71px !important;}&#8221;][vc_column width=&#8221;1\/3&#8243; css=&#8221;.vc_custom_1618387090205{padding-right: 45px !important;}&#8221; el_class=&#8221;left-project&#8221;][vc_column_text][\/vc_column_text][vc_column_text css_animation=&#8221;fadeInUp&#8221; css=&#8221;.vc_custom_1618311731835{margin-top: 30px !important;padding-top: 50px !important;padding-right: 50px !important;padding-bottom: 50px !important;padding-left: 50px !important;background-color: #789c9d !important;}&#8221; el_class=&#8221;get-a-consultation-sidebar&#8221;][\/vc_column_text][\/vc_column][vc_column width=&#8221;2\/3&#8243;][vc_column_text css_animation=&#8221;fadeInUp&#8221; css=&#8221;.vc_custom_1697024778385{margin-bottom: 30px !important;}&#8221;]Mit Steinen und Know-how &#8211; f\u00fcr solide Ergebnisse Maurerarbeiten sind eine grundlegende Komponente im Bauwesen und spielen eine entscheidende Rolle bei der Konstruktion von Geb\u00e4uden [&hellip;]<\/p>\n","protected":false},"author":1,"featured_media":0,"parent":0,"menu_order":0,"comment_status":"closed","ping_status":"closed","template":"","meta":[],"_links":{"self":[{"href":"https:\/\/herbst-bau-gmbh.de\/start\/wp-json\/wp\/v2\/pages\/3832"}],"collection":[{"href":"https:\/\/herbst-bau-gmbh.de\/start\/wp-json\/wp\/v2\/pages"}],"about":[{"href":"https:\/\/herbst-bau-gmbh.de\/start\/wp-json\/wp\/v2\/types\/page"}],"author":[{"embeddable":true,"href":"https:\/\/herbst-bau-gmbh.de\/start\/wp-json\/wp\/v2\/users\/1"}],"replies":[{"embeddable":true,"href":"https:\/\/herbst-bau-gmbh.de\/start\/wp-json\/wp\/v2\/comments?post=3832"}],"version-history":[{"count":20,"href":"https:\/\/herbst-bau-gmbh.de\/start\/wp-json\/wp\/v2\/pages\/3832\/revisions"}],"predecessor-version":[{"id":4181,"href":"https:\/\/herbst-bau-gmbh.de\/start\/wp-json\/wp\/v2\/pages\/3832\/revisions\/4181"}],"wp:attachment":[{"href":"https:\/\/herbst-bau-gmbh.de\/start\/wp-json\/wp\/v2\/media?parent=3832"}],"curies":[{"name":"wp","href":"https:\/\/api.w.org\/{rel}","templated":true}]}}