{"id":3820,"date":"2022-02-21T10:50:01","date_gmt":"2022-02-21T09:50:01","guid":{"rendered":"https:\/\/herbst-bau-gmbh.de\/start\/?page_id=3820"},"modified":"2023-11-15T15:05:09","modified_gmt":"2023-11-15T14:05:09","slug":"landwirtschaftliche-gebaeude","status":"publish","type":"page","link":"https:\/\/herbst-bau-gmbh.de\/start\/landwirtschaftliche-gebaeude\/","title":{"rendered":"Landwirtschaftliche Geb\u00e4ude"},"content":{"rendered":"<p>[vc_row css=&#8221;.vc_custom_1619514619010{margin-top: 90px !important;margin-bottom: 71px !important;}&#8221;][vc_column width=&#8221;1\/3&#8243; css=&#8221;.vc_custom_1618387090205{padding-right: 45px !important;}&#8221; el_class=&#8221;left-project&#8221;]<div class=\"title-subtile-holder wow bounce text_left\"><div class=\"subtitle-wrapper\"><span class=\"section-border left orange_border\"><\/span><span class=\"section-subtitle orange_subtitle\">Landwirtschaftliche Geb\u00e4ude<\/span><span class=\"section-border right orange_border\"><\/span><\/div><h2 class=\"section-title dark_title\">F\u00fcr Mensch und Tier<\/h2><\/div>[vc_column_text]<img loading=\"lazy\" class=\"aligncenter wp-image-3908 size-full\" src=\"https:\/\/herbst-bau-gmbh.de\/start\/wp-content\/uploads\/2022\/02\/Kuh.jpg\" alt=\"\" width=\"1006\" height=\"671\" srcset=\"https:\/\/herbst-bau-gmbh.de\/start\/wp-content\/uploads\/2022\/02\/Kuh.jpg 1006w, https:\/\/herbst-bau-gmbh.de\/start\/wp-content\/uploads\/2022\/02\/Kuh-300x200.jpg 300w, https:\/\/herbst-bau-gmbh.de\/start\/wp-content\/uploads\/2022\/02\/Kuh-768x512.jpg 768w\" sizes=\"(max-width: 1006px) 100vw, 1006px\" \/>[\/vc_column_text][vc_column_text css_animation=&#8221;fadeInUp&#8221; css=&#8221;.vc_custom_1618311731835{margin-top: 30px !important;padding-top: 50px !important;padding-right: 50px !important;padding-bottom: 50px !important;padding-left: 50px !important;background-color: #789c9d !important;}&#8221; el_class=&#8221;get-a-consultation-sidebar&#8221;]<div role=\"form\" class=\"wpcf7\" id=\"wpcf7-f503-o1\" lang=\"en-US\" dir=\"ltr\">\n<div class=\"screen-reader-response\"><p role=\"status\" aria-live=\"polite\" aria-atomic=\"true\"><\/p> <ul><\/ul><\/div>\n<form action=\"\/start\/wp-json\/wp\/v2\/pages\/3820#wpcf7-f503-o1\" method=\"post\" class=\"wpcf7-form init\" novalidate=\"novalidate\" data-status=\"init\">\n<div style=\"display: none;\">\n<input type=\"hidden\" name=\"_wpcf7\" value=\"503\" \/>\n<input type=\"hidden\" name=\"_wpcf7_version\" value=\"5.3\" \/>\n<input type=\"hidden\" name=\"_wpcf7_locale\" value=\"en_US\" \/>\n<input type=\"hidden\" name=\"_wpcf7_unit_tag\" value=\"wpcf7-f503-o1\" \/>\n<input type=\"hidden\" name=\"_wpcf7_container_post\" value=\"0\" \/>\n<input type=\"hidden\" name=\"_wpcf7_posted_data_hash\" value=\"\" \/>\n<\/div>\n<div class=\"wega-contact wega-contact-sidebar row\">\n<div class=\"col-md-12\">\n<h3>Kontakt<\/h3>\n<p>Wir beraten Sie gerne!<\/p>\n<\/div>\n<div class=\"col-md-12\">\n<label><span class=\"wpcf7-form-control-wrap first-name\"><input type=\"text\" name=\"first-name\" value=\"\" size=\"40\" class=\"wpcf7-form-control wpcf7-text wpcf7-validates-as-required\" aria-required=\"true\" aria-invalid=\"false\" placeholder=\"Name\" \/><\/span><\/label>\n<\/div>\n<div class=\"col-md-12\">\n<label><span class=\"wpcf7-form-control-wrap email\"><input type=\"email\" name=\"email\" value=\"\" size=\"40\" class=\"wpcf7-form-control wpcf7-text wpcf7-email wpcf7-validates-as-required wpcf7-validates-as-email\" aria-required=\"true\" aria-invalid=\"false\" placeholder=\"Email\" \/><\/span><\/label>\n<\/div>\n<div class=\"col-md-12\">\n<label><span class=\"wpcf7-form-control-wrap phone\"><input type=\"tel\" name=\"phone\" value=\"\" size=\"40\" class=\"wpcf7-form-control wpcf7-text wpcf7-tel wpcf7-validates-as-required wpcf7-validates-as-tel\" aria-required=\"true\" aria-invalid=\"false\" placeholder=\"Tel.\" \/><\/span><\/label>\n<\/div>\n<div class=\"col-md-12\">\n<button type=\"submit\" class=\"wpcf7-form-control wpcf7-submit\">Senden<\/button>\n<\/div>\n<\/div>\n<div class=\"wpcf7-response-output\" aria-hidden=\"true\"><\/div><\/form><\/div>[\/vc_column_text][\/vc_column][vc_column width=&#8221;2\/3&#8243;][vc_column_text css_animation=&#8221;fadeInUp&#8221; css=&#8221;.vc_custom_1697023221456{margin-bottom: 30px !important;}&#8221;]Unsere Geb\u00e4ude &#8211; Ihre Ernte: Qualit\u00e4t, die w\u00e4chst.<\/p>\n<p>Landwirtschaftliche Geb\u00e4ude sind ein wesentlicher Bestandteil der Agrarwirtschaft und tragen zur Effizienz und Rentabilit\u00e4t von landwirtschaftlichen Betrieben bei. Sie wurden im Laufe der Zeit weiterentwickelt und modernisiert, um den sich \u00e4ndernden Anforderungen der Landwirtschaft gerecht zu werden. Diese Geb\u00e4ude sind nicht nur funktionell, sondern spielen auch eine wichtige Rolle bei der Aufrechterhaltung der Lebensmittelproduktion und der Unterst\u00fctzung der Landwirtschaftsindustrie.[\/vc_column_text][vc_single_image image=&#8221;3909&#8243; img_size=&#8221;full&#8221; alignment=&#8221;center&#8221; onclick=&#8221;zoom&#8221; css_animation=&#8221;fadeInUp&#8221;][vc_column_text css_animation=&#8221;fadeInUp&#8221; css=&#8221;.vc_custom_1700056950303{padding-top: 0px !important;padding-bottom: 30px !important;}&#8221;]<\/p>\n<blockquote><p>Bauwerke, die das Wohlergehen von Tieren unterst\u00fctzen.<\/p><\/blockquote>\n<p>[\/vc_column_text][vc_column_text css_animation=&#8221;fadeInUp&#8221; css=&#8221;.vc_custom_1700057095268{margin-bottom: 30px !important;}&#8221;]Alles begann mit dem Bau eines Silos. Heute planen und errichten wir Melkzentren sowie Liegeboxen, Lauf- und Schweinest\u00e4lle in ganz Schleswig-Holstein. Bei der Rudolf Herbst Baugesellschaft mbH sind wir stolz auf unsere tief verwurzelte Tradition und unser fortw\u00e4hrendes Engagement f\u00fcr die Landwirtschaft in unserer Region.[\/vc_column_text][vc_single_image image=&#8221;3961&#8243; img_size=&#8221;full&#8221; alignment=&#8221;center&#8221; onclick=&#8221;zoom&#8221; css_animation=&#8221;fadeInUp&#8221;][vc_column_text css_animation=&#8221;fadeInUp&#8221; css=&#8221;.vc_custom_1697120010458{padding-top: 0px !important;padding-bottom: 30px !important;}&#8221;]<\/p>\n<blockquote><p>Seit Jahren sind wir Ihre vertrauensw\u00fcrdigen Partner im Bau landwirtschaftlicher Geb\u00e4ude. Unser Unternehmen hat seinen Ursprung in einem Silo, aber unser Wachstum und unsere Expertise sind weit dar\u00fcber hinausgewachsen. Heute sind wir Spezialisten f\u00fcr die Planung und den Bau von hochmodernen Landwirtschaftsanlagen, die den h\u00f6chsten Standards in Bezug auf Tierwohl, Effizienz und Nachhaltigkeit gerecht werden.<\/p><\/blockquote>\n<p>[\/vc_column_text][vc_empty_space height=&#8221;30px&#8221;][\/vc_column][\/vc_row]<\/p>\n","protected":false},"excerpt":{"rendered":"<p>[vc_row css=&#8221;.vc_custom_1619514619010{margin-top: 90px !important;margin-bottom: 71px !important;}&#8221;][vc_column width=&#8221;1\/3&#8243; css=&#8221;.vc_custom_1618387090205{padding-right: 45px !important;}&#8221; el_class=&#8221;left-project&#8221;][vc_column_text][\/vc_column_text][vc_column_text css_animation=&#8221;fadeInUp&#8221; css=&#8221;.vc_custom_1618311731835{margin-top: 30px !important;padding-top: 50px !important;padding-right: 50px !important;padding-bottom: 50px !important;padding-left: 50px !important;background-color: #789c9d !important;}&#8221; el_class=&#8221;get-a-consultation-sidebar&#8221;][\/vc_column_text][\/vc_column][vc_column width=&#8221;2\/3&#8243;][vc_column_text css_animation=&#8221;fadeInUp&#8221; css=&#8221;.vc_custom_1697023221456{margin-bottom: 30px !important;}&#8221;]Unsere Geb\u00e4ude &#8211; Ihre Ernte: Qualit\u00e4t, die w\u00e4chst. Landwirtschaftliche Geb\u00e4ude sind ein wesentlicher Bestandteil der Agrarwirtschaft und tragen zur Effizienz und Rentabilit\u00e4t von landwirtschaftlichen Betrieben [&hellip;]<\/p>\n","protected":false},"author":1,"featured_media":0,"parent":0,"menu_order":0,"comment_status":"closed","ping_status":"closed","template":"","meta":[],"_links":{"self":[{"href":"https:\/\/herbst-bau-gmbh.de\/start\/wp-json\/wp\/v2\/pages\/3820"}],"collection":[{"href":"https:\/\/herbst-bau-gmbh.de\/start\/wp-json\/wp\/v2\/pages"}],"about":[{"href":"https:\/\/herbst-bau-gmbh.de\/start\/wp-json\/wp\/v2\/types\/page"}],"author":[{"embeddable":true,"href":"https:\/\/herbst-bau-gmbh.de\/start\/wp-json\/wp\/v2\/users\/1"}],"replies":[{"embeddable":true,"href":"https:\/\/herbst-bau-gmbh.de\/start\/wp-json\/wp\/v2\/comments?post=3820"}],"version-history":[{"count":32,"href":"https:\/\/herbst-bau-gmbh.de\/start\/wp-json\/wp\/v2\/pages\/3820\/revisions"}],"predecessor-version":[{"id":4218,"href":"https:\/\/herbst-bau-gmbh.de\/start\/wp-json\/wp\/v2\/pages\/3820\/revisions\/4218"}],"wp:attachment":[{"href":"https:\/\/herbst-bau-gmbh.de\/start\/wp-json\/wp\/v2\/media?parent=3820"}],"curies":[{"name":"wp","href":"https:\/\/api.w.org\/{rel}","templated":true}]}}