{"id":3571,"date":"2021-12-08T09:01:19","date_gmt":"2021-12-08T08:01:19","guid":{"rendered":"https:\/\/herbst-bau-gmbh.de\/start\/?page_id=3571"},"modified":"2023-11-09T15:53:28","modified_gmt":"2023-11-09T14:53:28","slug":"impressum","status":"publish","type":"page","link":"https:\/\/herbst-bau-gmbh.de\/start\/impressum\/","title":{"rendered":"Impressum"},"content":{"rendered":"<p>[vc_row css=&#8221;.vc_custom_1621513663864{margin-top: 105px !important;margin-bottom: 105px !important;}&#8221;][vc_column css_animation=&#8221;fadeInUp&#8221; width=&#8221;1\/2&#8243; css=&#8221;.vc_custom_1620808464435{padding-top: 0px !important;}&#8221; el_class=&#8221;about-video&#8221;][vc_single_image image=&#8221;3953&#8243; img_size=&#8221;full&#8221; css=&#8221;.vc_custom_1645616274889{padding-top: 0px !important;}&#8221;][\/vc_column][vc_column width=&#8221;1\/2&#8243;]<div class=\"title-subtile-holder wow fadeInUp text_left\"><div class=\"subtitle-wrapper\"><span class=\"section-border left orange_border\"><\/span><span class=\"section-subtitle orange_subtitle\">Impressum<\/span><span class=\"section-border right orange_border\"><\/span><\/div><h2 class=\"section-title dark_title\">Rechtliches<\/h2><\/div>[vc_empty_space height=&#8221;30px&#8221;][vc_column_text css_animation=&#8221;fadeInUp&#8221;]<b>Rudolf Herbst Baugesellschaft mbH<\/b><br \/>\nBaugesch\u00e4ft<br \/>\nPhilosophenweg 1<br \/>\n25557 Hanerau-Hademarschen<\/p>\n<p>Gesch\u00e4ftsf\u00fchrer: Carsten Herbst<\/p>\n<p>Telefon (0 48 72) 27 54<br \/>\nTelefax (0 48 72) 37 67<\/p>\n<p>E-Mail: info@herbst-bau-gmbh.de<\/p>\n<p>Steuernummer: 28 031 0822 7<\/p>\n<p>Gestaltung\/Konzeption\/Programmierung: Cosmos solutions<\/p>\n<p>Bilder: Herbst Bau<\/p>\n<p>Verwendetes Bildmaterial von Fotolia:<br \/>\nFotolia_37782905_XS.jpg Fotolia_38274141_S.jpg Fotolia_40691645_XS.jpg<br \/>\nFotolia_44389426_S.jpg Fotolia_46578927_XS.jpg Fotolia_46941475_S.jpg<br \/>\nFotolia_48259316_XS.jpg Fotolia_48521198_S.jpg Fotolia_48521198.jpg<br \/>\nFotolia_49126096_XS.jpg Fotolia_49830484_XS.jpg Fotolia_51479290_XS.jpg<br \/>\nFotolia_52733825_S.jpg Fotolia_58447895_S.jpg<\/p>\n<p>Bildbearbeitung: Cosmos solutions<br \/>\nPflege der Webseite: Herbst Bau<\/p>\n<p>Texte, Grafiken und Bilder sowie das Layout und Design des Internetauftrittes sind urheberrechtlich gesch\u00fctzt. Jede Nutzung bzw. Vervielf\u00e4ltigung bedarf der ausdr\u00fccklichen Genehmigung durch Cosmos solutions. Eine Reproduktion bzw. Vervielf\u00e4ltigung der Internetseiten im Ganzen, in Teilen oder modifizierter Form ist grunds\u00e4tzlich untersagt. F\u00fcr Inhalte und Aussagen in den von uns gelinkten Seiten sind wir nicht verantwortlich und in keiner Weise rechtlich zu belangen.[\/vc_column_text][vc_empty_space height=&#8221;30px&#8221;][\/vc_column][\/vc_row]<\/p>\n","protected":false},"excerpt":{"rendered":"<p>[vc_row css=&#8221;.vc_custom_1621513663864{margin-top: 105px !important;margin-bottom: 105px !important;}&#8221;][vc_column css_animation=&#8221;fadeInUp&#8221; width=&#8221;1\/2&#8243; css=&#8221;.vc_custom_1620808464435{padding-top: 0px !important;}&#8221; el_class=&#8221;about-video&#8221;][vc_single_image image=&#8221;3953&#8243; img_size=&#8221;full&#8221; css=&#8221;.vc_custom_1645616274889{padding-top: 0px !important;}&#8221;][\/vc_column][vc_column width=&#8221;1\/2&#8243;][vc_empty_space height=&#8221;30px&#8221;][vc_column_text css_animation=&#8221;fadeInUp&#8221;]Rudolf Herbst Baugesellschaft mbH Baugesch\u00e4ft Philosophenweg 1 25557 Hanerau-Hademarschen Gesch\u00e4ftsf\u00fchrer: Carsten Herbst Telefon (0 48 72) 27 54 Telefax (0 48 72) 37 67 E-Mail: info@herbst-bau-gmbh.de Steuernummer: 28 031 0822 7 Gestaltung\/Konzeption\/Programmierung: Cosmos solutions Bilder: Herbst [&hellip;]<\/p>\n","protected":false},"author":1,"featured_media":0,"parent":0,"menu_order":0,"comment_status":"closed","ping_status":"closed","template":"","meta":[],"_links":{"self":[{"href":"https:\/\/herbst-bau-gmbh.de\/start\/wp-json\/wp\/v2\/pages\/3571"}],"collection":[{"href":"https:\/\/herbst-bau-gmbh.de\/start\/wp-json\/wp\/v2\/pages"}],"about":[{"href":"https:\/\/herbst-bau-gmbh.de\/start\/wp-json\/wp\/v2\/types\/page"}],"author":[{"embeddable":true,"href":"https:\/\/herbst-bau-gmbh.de\/start\/wp-json\/wp\/v2\/users\/1"}],"replies":[{"embeddable":true,"href":"https:\/\/herbst-bau-gmbh.de\/start\/wp-json\/wp\/v2\/comments?post=3571"}],"version-history":[{"count":12,"href":"https:\/\/herbst-bau-gmbh.de\/start\/wp-json\/wp\/v2\/pages\/3571\/revisions"}],"predecessor-version":[{"id":4207,"href":"https:\/\/herbst-bau-gmbh.de\/start\/wp-json\/wp\/v2\/pages\/3571\/revisions\/4207"}],"wp:attachment":[{"href":"https:\/\/herbst-bau-gmbh.de\/start\/wp-json\/wp\/v2\/media?parent=3571"}],"curies":[{"name":"wp","href":"https:\/\/api.w.org\/{rel}","templated":true}]}}