{"id":340,"date":"2018-06-21T13:54:04","date_gmt":"2018-06-21T13:54:04","guid":{"rendered":"http:\/\/wega.modeltheme.com\/?page_id=340"},"modified":"2023-11-24T11:26:14","modified_gmt":"2023-11-24T10:26:14","slug":"ueber-uns","status":"publish","type":"page","link":"https:\/\/herbst-bau-gmbh.de\/start\/","title":{"rendered":"Willkommen!"},"content":{"rendered":"<p>[vc_row css=&#8221;.vc_custom_1621513663864{margin-top: 105px !important;margin-bottom: 105px !important;}&#8221;][vc_column css_animation=&#8221;fadeInUp&#8221; width=&#8221;1\/2&#8243; css=&#8221;.vc_custom_1620808464435{padding-top: 0px !important;}&#8221; el_class=&#8221;about-video&#8221;][vc_single_image image=&#8221;4241&#8243; img_size=&#8221;full&#8221; css=&#8221;.vc_custom_1700821572493{padding-top: 0px !important;}&#8221;][vc_empty_space height=&#8221;50px&#8221;][vc_row_inner css=&#8221;.vc_custom_1621422427881{margin-top: -120px !important;margin-bottom: 0px !important;margin-left: -30px !important;}&#8221;][vc_column_inner]<script>\n                jQuery(document).ready(function() {\n                  jQuery(\".popup-vimeo-video\").magnificPopup({\n                  \ttype:\"iframe\",\n\t              \tdisableOn: 700,\n\t\t\t\t\tremovalDelay: 160,\n\t\t\t\t\tpreloader: false,\n\t\t\t\t\tfixedContentPos: false\n\t\t\t\t});\n\n\n                  jQuery(\".popup-vimeo-youtube\").magnificPopup({\n                  \ttype:\"iframe\",\n             \t\tdisableOn: 700,\n\t\t\t\t\tremovalDelay: 160,\n\t\t\t\t\tpreloader: false,\n\t\t\t\t\tfixedContentPos: false});\n                });\n                \n              <\/script><div class=\"mt_video row\"><div class=\"wow fadeInUp\"><a class=\"popup-vimeo-youtube\" href=\"https:\/\/www.youtube.com\/watch?v=dqkCHQrflNE?start=1&amp;end=58&amp;version=3&amp;modestBranding=1&amp;rel=0&amp;showinfo=0\"><img class=\"buton_image_class\" src=\"\" data-src=\"\" alt=\"\"><\/a><\/div><\/div>[\/vc_column_inner][\/vc_row_inner][\/vc_column][vc_column width=&#8221;1\/2&#8243;]<div class=\"title-subtile-holder wow fadeInUp text_left\"><div class=\"subtitle-wrapper\"><span class=\"section-border left light_border\"><\/span><span class=\"section-subtitle orange_subtitle\">Herbstbau - \u00dcber 70 Jahre Heimat und mehr!<\/span><span class=\"section-border right light_border\"><\/span><\/div><h2 class=\"section-title dark_title\">Die Bauprofis aus Hanerau- Hademarschen<\/h2><\/div>[vc_empty_space height=&#8221;30px&#8221;][vc_column_text css_animation=&#8221;fadeInUp&#8221;]Im Jahr 1946 gr\u00fcndete der B\u00f6ttchermeister Rudolf Herbst die Firma mit anfangs 6 Mitarbeitern. Urspr\u00fcnglich auf die Herstellung von F\u00e4ssern spezialisiert, hat sich unser Unternehmen im Laufe der Jahrzehnte zu einem erfahrenen Bauunternehmen entwickelt. Heute besch\u00e4ftigen wir \u00fcber 30 Mitarbeiter und sind stolz darauf, Tradition und Hightech miteinander zu verbinden.<\/p>\n<p>Unser Fokus liegt auf einem stetigen Blick nach vorne, um unseren Kunden stets die bestm\u00f6glichen Leistungen zu bieten. Wir sind \u00fcberzeugt davon, dass die Verbindung zwischen Tradition und moderner Technologie einen wichtigen Beitrag zu unserer Einzigartigkeit als Firma leistet. Dar\u00fcber hinaus legen wir gro\u00dfen Wert auf einen pers\u00f6nlichen Kontakt zu unseren Kunden.<\/p>\n<p>Als Familienunternehmen stehen wir f\u00fcr eine kompetente Betreuung rund um alle Bau- und Renovierungsarbeiten. Wir bieten Ihnen eine genaue Analyse, umfassende Beratung und fachgerechte Durchf\u00fchrung der einzelnen Bauabschnitte. Dabei verbinden wir traditionelles Handwerk mit modernster Technik und erf\u00fcllen h\u00f6chste Anspr\u00fcche an Qualit\u00e4t.[\/vc_column_text][vc_empty_space height=&#8221;30px&#8221;]<div class=\"mt-icon-list-item wow bounce\"><div class=\"mt-icon-list-icon-holder\">\n                  <div class=\"mt-icon-list-icon-holder-inner clearfix\"><i style=\"margin-right:10px; color:#db4934;font-size:20px\" class=\"fa fa-check\"><\/i><\/div>\n                <\/div>\n                <p class=\"mt-icon-list-text\" style=\"font-size: 17px; color: #666666\">Handwerk mit Tradition<\/p><\/div><div class=\"mt-icon-list-item wow bounce\"><div class=\"mt-icon-list-icon-holder\">\n                  <div class=\"mt-icon-list-icon-holder-inner clearfix\"><i style=\"margin-right:10px; color:#db4934;font-size:20px\" class=\"fa fa-check\"><\/i><\/div>\n                <\/div>\n                <p class=\"mt-icon-list-text\" style=\"font-size: 17px; color: #666666\">Pers\u00f6nliche Beratung von Anfang an<\/p><\/div><div class=\"mt-icon-list-item wow bounce\"><div class=\"mt-icon-list-icon-holder\">\n                  <div class=\"mt-icon-list-icon-holder-inner clearfix\"><i style=\"margin-right:10px; color:#db4934;font-size:20px\" class=\"fa fa-check\"><\/i><\/div>\n                <\/div>\n                <p class=\"mt-icon-list-text\" style=\"font-size: 17px; color: #666666\">Alles unter einem Dach<\/p><\/div><div class=\"mt-icon-list-item wow bounce\"><div class=\"mt-icon-list-icon-holder\">\n                  <div class=\"mt-icon-list-icon-holder-inner clearfix\"><i style=\"margin-right:10px; color:#db4934;font-size:20px\" class=\"fa fa-check\"><\/i><\/div>\n                <\/div>\n                <p class=\"mt-icon-list-text\" style=\"font-size: 17px; color: #666666\">Vom Entwurf bis zur Schl\u00fcssel\u00fcbergabe<\/p><\/div><div class=\"mt-icon-list-item wow bounce\"><div class=\"mt-icon-list-icon-holder\">\n                  <div class=\"mt-icon-list-icon-holder-inner clearfix\"><i style=\"margin-right:10px; color:#db4934;font-size:20px\" class=\"fa fa-check\"><\/i><\/div>\n                <\/div>\n                <p class=\"mt-icon-list-text\" style=\"font-size: 17px; color: #666666\">Bauaufsicht w\u00e4hrend der gesamten Bauphase<\/p><\/div><div class=\"mt-icon-list-item wow bounce\"><div class=\"mt-icon-list-icon-holder\">\n                  <div class=\"mt-icon-list-icon-holder-inner clearfix\"><i style=\"margin-right:10px; color:#db4934;font-size:20px\" class=\"fa fa-check\"><\/i><\/div>\n                <\/div>\n                <p class=\"mt-icon-list-text\" style=\"font-size: 17px; color: #666666\">Energetische und statische Berechnungen<\/p><\/div><div class=\"mt-icon-list-item wow bounce\"><div class=\"mt-icon-list-icon-holder\">\n                  <div class=\"mt-icon-list-icon-holder-inner clearfix\"><i style=\"margin-right:10px; color:#db4934;font-size:20px\" class=\"fa fa-check\"><\/i><\/div>\n                <\/div>\n                <p class=\"mt-icon-list-text\" style=\"font-size: 17px; color: #666666\">Koordination s\u00e4mtlicher Antr\u00e4ge rund um Ihr Bauvorhaben<\/p><\/div>[vc_empty_space height=&#8221;20px&#8221;][\/vc_column][\/vc_row][vc_row full_width=&#8221;stretch_row&#8221; css=&#8221;.vc_custom_1621498496834{margin-bottom: 105px !important;padding-top: 75px !important;padding-bottom: 70px !important;}&#8221;][vc_column][vc_row_inner css=&#8221;.vc_custom_1529070919008{margin-bottom: 0px !important;}&#8221;][vc_column_inner width=&#8221;1\/3&#8243;]<div class=\"stats-block statistics wow fadeInUp\"><div class=\"stats-head\"><p class=\"stat-number skill\"><\/p><\/div><div class=\"stats-content percentage\" data-perc=\"1500\"><span class=\"skill-count\" style=\"color: #ffffff\">1500<\/span><p style=\"color: #dbdbdb\">Abgeschlossene Projekte<\/p><\/div><\/div>[\/vc_column_inner][vc_column_inner width=&#8221;1\/3&#8243;]<div class=\"stats-block statistics wow fadeInUp\"><div class=\"stats-head\"><p class=\"stat-number skill\"><\/p><\/div><div class=\"stats-content percentage\" data-perc=\"34\"><span class=\"skill-count\" style=\"color: #ffffff\">34<\/span><p style=\"color: #dbdbdb\">Mitarbeiter<\/p><\/div><\/div>[\/vc_column_inner][vc_column_inner width=&#8221;1\/3&#8243;]<div class=\"stats-block statistics wow fadeInUp\"><div class=\"stats-head\"><p class=\"stat-number skill\"><\/p><\/div><div class=\"stats-content percentage\" data-perc=\"77\"><span class=\"skill-count\" style=\"color: #ffffff\">77<\/span><p style=\"color: #dbdbdb\">Jahre Erfahrung<\/p><\/div><\/div>[\/vc_column_inner][\/vc_row_inner]<div class='gambit_parallax_row' data-bg-align='' data-direction='up' data-opacity='100' data-velocity='-0.3' data-mobile-enabled='' data-bg-height='1280' data-bg-width='1920' data-bg-image='https:\/\/herbst-bau-gmbh.de\/start\/wp-content\/uploads\/2020\/10\/photovoltaic_paralax_1-1.jpg' data-bg-repeat='false' data-id='' style='display: none'><\/div>[\/vc_column][\/vc_row][vc_row css=&#8221;.vc_custom_1621491297176{margin-top: 90px !important;margin-bottom: 75px !important;}&#8221;][vc_column css=&#8221;.vc_custom_1617803397482{padding-top: 0px !important;}&#8221;]<div class=\"title-subtile-holder wow fadeInUp text_center\"><div class=\"subtitle-wrapper\"><span class=\"section-border left orange_border\"><\/span><span class=\"section-subtitle orange_subtitle\">Hier wird gebaut<\/span><span class=\"section-border right orange_border\"><\/span><\/div><h2 class=\"section-title dark_title\">Referenzprojekte<\/h2><\/div>[vc_empty_space height=&#8221;30px&#8221;]<div class=\"blog-posts simple-posts blog-posts-shortcode wow fadeInUp\"><div class=\"row\"><div class=\"vc_col-sm-4\">\n                      <article class=\"single-post list-view\">\n                        <div class=\"blog_custom\">\n                          <!-- POST THUMBNAIL -->\n                          <div class=\"col-md-12 post-thumbnail\">\n                              <a class=\"relative\" href=\"https:\/\/herbst-bau-gmbh.de\/start\/2023\/11\/22\/hausbau\/\">\n                                <div class=\"featured_image_blog\"><img class=\"blog_post_image\" src=\"https:\/\/herbst-bau-gmbh.de\/start\/wp-content\/uploads\/2023\/03\/Bornholt_neu.jpg\" alt=\"Ein- und Mehrfamilienhausbau\" \/><div class=\"flex-zone\">\n                                     <div class=\"flex-zone-inside\"><i class=\"fa fa-plus\" aria-hidden=\"true\"><\/i><\/div>\n                                  <\/div>\n                                <\/div>\n                              <\/a>\n                          <\/div>\n                          <!-- POST DETAILS -->\n                          <div class=\"post-details col-md-12\">\n                            <div class=\"post-category-comment-date\">\n                                <span class=\"post-date\">November 22, 2023<\/span>\n                            <\/div>\n                            <h3 class=\"post-name row\">\n                              <a href=\"https:\/\/herbst-bau-gmbh.de\/start\/2023\/11\/22\/hausbau\/\" title=\"Ein- und Mehrfamilienhausbau\">Ein- und Mehrfamilienhausbau<\/a>\n                            <\/h3>\n                            <div class=\"post-excerpt row\">\n                                <p>[vc_row][vc_column][vc_masonry_media_grid element_width=&#8221;2&#8243; gap=&#8221;10&#8243; item=&#8221;mediaGrid_Default&#8221; initial_loading_animation=&#8221;fadeIn&#8221; grid_id=&#8221;vc_gid:1756380774138-565e7066-3fee-9&#8243; include=&#8221;4246,4043,4044,4045,4060,4059,4256,4255,4264,4305,4306,4308,4309,4312,4314,4313,4315,4324,4325,4326,4327&#8243;][\/vc_column][\/vc_row][vc_row][vc_column][vc_column_text]\n[\/vc_column_text][\/vc_column][\/vc_row]\n...<\/p>\n                                <div class=\"text-element content-element\">\n                                    <p> <a class=\"more-link\" href=\"https:\/\/herbst-bau-gmbh.de\/start\/2023\/11\/22\/hausbau\/\">Mehr anschauen<\/a><\/p>\n                                <\/div>\n                            <\/div>\n                          <\/div>                       \n                        <\/div>\n                      <\/article>\n                    <\/div><div class=\"vc_col-sm-4\">\n                      <article class=\"single-post list-view\">\n                        <div class=\"blog_custom\">\n                          <!-- POST THUMBNAIL -->\n                          <div class=\"col-md-12 post-thumbnail\">\n                              <a class=\"relative\" href=\"https:\/\/herbst-bau-gmbh.de\/start\/2023\/11\/07\/unser-kran\/\">\n                                <div class=\"featured_image_blog\"><img class=\"blog_post_image\" src=\"https:\/\/herbst-bau-gmbh.de\/start\/wp-content\/uploads\/2021\/04\/Kran_neu.jpg\" alt=\"Unser Kran\" \/><div class=\"flex-zone\">\n                                     <div class=\"flex-zone-inside\"><i class=\"fa fa-plus\" aria-hidden=\"true\"><\/i><\/div>\n                                  <\/div>\n                                <\/div>\n                              <\/a>\n                          <\/div>\n                          <!-- POST DETAILS -->\n                          <div class=\"post-details col-md-12\">\n                            <div class=\"post-category-comment-date\">\n                                <span class=\"post-date\">November 7, 2023<\/span>\n                            <\/div>\n                            <h3 class=\"post-name row\">\n                              <a href=\"https:\/\/herbst-bau-gmbh.de\/start\/2023\/11\/07\/unser-kran\/\" title=\"Unser Kran\">Unser Kran<\/a>\n                            <\/h3>\n                            <div class=\"post-excerpt row\">\n                                <p>[vc_row][vc_column][vc_masonry_media_grid element_width=&#8221;2&#8243; gap=&#8221;10&#8243; item=&#8221;mediaGrid_Default&#8221; initial_loading_animation=&#8221;fadeIn&#8221; grid_id=&#8221;vc_gid:1739969049155-e4569098-8ffe-10&#8243; include=&#8221;4089,4090,4091,4093,4257,4277,4283&#8243;][\/vc_column][\/vc_row][vc_row][vc_column][vc_column_text]\n[\/vc_column_text][\/vc_column][\/vc_row]\n...<\/p>\n                                <div class=\"text-element content-element\">\n                                    <p> <a class=\"more-link\" href=\"https:\/\/herbst-bau-gmbh.de\/start\/2023\/11\/07\/unser-kran\/\">Mehr anschauen<\/a><\/p>\n                                <\/div>\n                            <\/div>\n                          <\/div>                       \n                        <\/div>\n                      <\/article>\n                    <\/div><div class=\"vc_col-sm-4\">\n                      <article class=\"single-post list-view\">\n                        <div class=\"blog_custom\">\n                          <!-- POST THUMBNAIL -->\n                          <div class=\"col-md-12 post-thumbnail\">\n                              <a class=\"relative\" href=\"https:\/\/herbst-bau-gmbh.de\/start\/2023\/11\/01\/hallenprojekte\/\">\n                                <div class=\"featured_image_blog\"><img class=\"blog_post_image\" src=\"https:\/\/herbst-bau-gmbh.de\/start\/wp-content\/uploads\/2021\/03\/Halle_1a.jpg\" alt=\"Hallen- und Gewerbebau\" \/><div class=\"flex-zone\">\n                                     <div class=\"flex-zone-inside\"><i class=\"fa fa-plus\" aria-hidden=\"true\"><\/i><\/div>\n                                  <\/div>\n                                <\/div>\n                              <\/a>\n                          <\/div>\n                          <!-- POST DETAILS -->\n                          <div class=\"post-details col-md-12\">\n                            <div class=\"post-category-comment-date\">\n                                <span class=\"post-date\">November 1, 2023<\/span>\n                            <\/div>\n                            <h3 class=\"post-name row\">\n                              <a href=\"https:\/\/herbst-bau-gmbh.de\/start\/2023\/11\/01\/hallenprojekte\/\" title=\"Hallen- und Gewerbebau\">Hallen- und Gewerbebau<\/a>\n                            <\/h3>\n                            <div class=\"post-excerpt row\">\n                                <p>[vc_row][vc_column][vc_masonry_media_grid element_width=&#8221;2&#8243; gap=&#8221;10&#8243; item=&#8221;mediaGrid_Default&#8221; initial_loading_animation=&#8221;fadeIn&#8221; grid_id=&#8221;vc_gid:1739968932745-aac4ccb4-b257-2&#8243; include=&#8221;3959,4072,3961,4067,4068,4106,4122,4070,4299,4301&#8243;][\/vc_column][\/vc_row][vc_row][vc_column][vc_column_text]\n[\/vc_column_text][\/vc_column][\/vc_row]\n...<\/p>\n                                <div class=\"text-element content-element\">\n                                    <p> <a class=\"more-link\" href=\"https:\/\/herbst-bau-gmbh.de\/start\/2023\/11\/01\/hallenprojekte\/\">Mehr anschauen<\/a><\/p>\n                                <\/div>\n                            <\/div>\n                          <\/div>                       \n                        <\/div>\n                      <\/article>\n                    <\/div><\/div><\/div>[\/vc_column][\/vc_row][vc_row css=&#8221;.vc_custom_1621491297176{margin-top: 90px !important;margin-bottom: 75px !important;}&#8221;][vc_column css=&#8221;.vc_custom_1617803397482{padding-top: 0px !important;}&#8221;]<div class=\"title-subtile-holder wow fadeInUp text_center\"><div class=\"subtitle-wrapper\"><span class=\"section-border left orange_border\"><\/span><span class=\"section-subtitle orange_subtitle\">Bew\u00e4hrte Zusammenarbeit<\/span><span class=\"section-border right orange_border\"><\/span><\/div><h2 class=\"section-title dark_title\">Unsere Partner<\/h2><\/div>[vc_empty_space height=&#8221;30px&#8221;][\/vc_column][\/vc_row][vc_row][vc_column][vc_images_carousel images=&#8221;3680,3679,3681,3682,3683,3684,3685,3686,4028,4030,4033,4034&#8243; img_size=&#8221;full&#8221; onclick=&#8221;link_no&#8221; speed=&#8221;20&#8243; slides_per_view=&#8221;4&#8243; autoplay=&#8221;yes&#8221; hide_pagination_control=&#8221;yes&#8221; hide_prev_next_buttons=&#8221;yes&#8221; partial_view=&#8221;yes&#8221; wrap=&#8221;yes&#8221;][\/vc_column][\/vc_row]<\/p>\n","protected":false},"excerpt":{"rendered":"<p>[vc_row css=&#8221;.vc_custom_1621513663864{margin-top: 105px !important;margin-bottom: 105px !important;}&#8221;][vc_column css_animation=&#8221;fadeInUp&#8221; width=&#8221;1\/2&#8243; css=&#8221;.vc_custom_1620808464435{padding-top: 0px !important;}&#8221; el_class=&#8221;about-video&#8221;][vc_single_image image=&#8221;4241&#8243; img_size=&#8221;full&#8221; css=&#8221;.vc_custom_1700821572493{padding-top: 0px !important;}&#8221;][vc_empty_space height=&#8221;50px&#8221;][vc_row_inner css=&#8221;.vc_custom_1621422427881{margin-top: -120px !important;margin-bottom: 0px !important;margin-left: -30px !important;}&#8221;][vc_column_inner][\/vc_column_inner][\/vc_row_inner][\/vc_column][vc_column width=&#8221;1\/2&#8243;][vc_empty_space height=&#8221;30px&#8221;][vc_column_text css_animation=&#8221;fadeInUp&#8221;]Im Jahr 1946 gr\u00fcndete der B\u00f6ttchermeister Rudolf Herbst die Firma mit anfangs 6 Mitarbeitern. Urspr\u00fcnglich auf die Herstellung von F\u00e4ssern spezialisiert, hat sich unser Unternehmen im Laufe der [&hellip;]<\/p>\n","protected":false},"author":1,"featured_media":0,"parent":0,"menu_order":0,"comment_status":"closed","ping_status":"closed","template":"","meta":[],"_links":{"self":[{"href":"https:\/\/herbst-bau-gmbh.de\/start\/wp-json\/wp\/v2\/pages\/340"}],"collection":[{"href":"https:\/\/herbst-bau-gmbh.de\/start\/wp-json\/wp\/v2\/pages"}],"about":[{"href":"https:\/\/herbst-bau-gmbh.de\/start\/wp-json\/wp\/v2\/types\/page"}],"author":[{"embeddable":true,"href":"https:\/\/herbst-bau-gmbh.de\/start\/wp-json\/wp\/v2\/users\/1"}],"replies":[{"embeddable":true,"href":"https:\/\/herbst-bau-gmbh.de\/start\/wp-json\/wp\/v2\/comments?post=340"}],"version-history":[{"count":87,"href":"https:\/\/herbst-bau-gmbh.de\/start\/wp-json\/wp\/v2\/pages\/340\/revisions"}],"predecessor-version":[{"id":4242,"href":"https:\/\/herbst-bau-gmbh.de\/start\/wp-json\/wp\/v2\/pages\/340\/revisions\/4242"}],"wp:attachment":[{"href":"https:\/\/herbst-bau-gmbh.de\/start\/wp-json\/wp\/v2\/media?parent=340"}],"curies":[{"name":"wp","href":"https:\/\/api.w.org\/{rel}","templated":true}]}}